
{"id":61727,"date":"2023-03-22T10:09:42","date_gmt":"2023-03-22T10:09:42","guid":{"rendered":"https:\/\/elicromperu.com\/?post_type=product&#038;p=61727"},"modified":"2023-03-22T10:09:42","modified_gmt":"2023-03-22T10:09:42","slug":"17087-sensor-de-temperatura-doble-pt100-y-pt1000-modelo-5525-de-crison-con-conector-mp5","status":"publish","type":"product","link":"https:\/\/elicromperu.com\/?product=17087-sensor-de-temperatura-doble-pt100-y-pt1000-modelo-5525-de-crison-con-conector-mp5","title":{"rendered":"Sensor de temperatura doble Pt100 y Pt1000 modelo 5525 de Crison con conector MP5"},"content":{"rendered":"<p>Especificaciones:<br \/>\n-Sensor de temperatura doble, con 2 sensores RTD, uno Pt 100 y otro Pt 1000 en su interior.<br \/>\n-Temperatura de trabajo:\t-20\u2026135\u00baC<br \/>\n-Presi\u00f3n m\u00e1x. de trabajo: 6 bar<br \/>\n-N\u00famero de sensores: 2<br \/>\n-Rosca de sujeci\u00f3n:\tPG 13.5<br \/>\n-Conector, protecci\u00f3n: MP-5, IP67<br \/>\n-Material del cuerpo: Vidrio Pyrex<\/p>\n","protected":false},"excerpt":{"rendered":"<p>Especificaciones: -Sensor de temperatura doble, con 2 sensores RTD, uno Pt 100 y otro Pt 1000 en su interior. -Temperatura de trabajo: -20\u2026135\u00baC -Presi\u00f3n m\u00e1x. de trabajo: 6 bar -N\u00famero<\/p>\n","protected":false},"featured_media":74982,"comment_status":"open","ping_status":"closed","template":"","meta":{"om_disable_all_campaigns":false,"_monsterinsights_skip_tracking":false,"_monsterinsights_sitenote_active":false,"_monsterinsights_sitenote_note":"","_monsterinsights_sitenote_category":0},"product_brand":[],"product_cat":[1925,1957,1956],"product_tag":[],"class_list":{"0":"post-61727","1":"product","2":"type-product","3":"status-publish","4":"has-post-thumbnail","6":"product_cat-instrumentacion-menu2","7":"product_cat-sensores1_22032023101021","8":"product_cat-temperatura1_22032023101012","10":"first","11":"instock","12":"taxable","13":"shipping-taxable","14":"product-type-simple"},"aioseo_notices":[],"_links":{"self":[{"href":"https:\/\/elicromperu.com\/index.php?rest_route=\/wp\/v2\/product\/61727","targetHints":{"allow":["GET"]}}],"collection":[{"href":"https:\/\/elicromperu.com\/index.php?rest_route=\/wp\/v2\/product"}],"about":[{"href":"https:\/\/elicromperu.com\/index.php?rest_route=\/wp\/v2\/types\/product"}],"replies":[{"embeddable":true,"href":"https:\/\/elicromperu.com\/index.php?rest_route=%2Fwp%2Fv2%2Fcomments&post=61727"}],"wp:featuredmedia":[{"embeddable":true,"href":"https:\/\/elicromperu.com\/index.php?rest_route=\/wp\/v2\/media\/74982"}],"wp:attachment":[{"href":"https:\/\/elicromperu.com\/index.php?rest_route=%2Fwp%2Fv2%2Fmedia&parent=61727"}],"wp:term":[{"taxonomy":"product_brand","embeddable":true,"href":"https:\/\/elicromperu.com\/index.php?rest_route=%2Fwp%2Fv2%2Fproduct_brand&post=61727"},{"taxonomy":"product_cat","embeddable":true,"href":"https:\/\/elicromperu.com\/index.php?rest_route=%2Fwp%2Fv2%2Fproduct_cat&post=61727"},{"taxonomy":"product_tag","embeddable":true,"href":"https:\/\/elicromperu.com\/index.php?rest_route=%2Fwp%2Fv2%2Fproduct_tag&post=61727"}],"curies":[{"name":"wp","href":"https:\/\/api.w.org\/{rel}","templated":true}]}}